{"id":2,"date":"2026-02-09T19:46:38","date_gmt":"2026-02-09T18:46:38","guid":{"rendered":"https:\/\/farmasi-online.pl\/?page_id=2"},"modified":"2026-02-09T21:23:35","modified_gmt":"2026-02-09T20:23:35","slug":"przykladowa-strona","status":"publish","type":"page","link":"https:\/\/farmasi-online.pl\/","title":{"rendered":"Farmasi &#8211; wsp\u00f3\u0142praca i produkty"},"content":{"rendered":"\n<p>Kupuj kosmetyki Farmasi z opcj\u0105 rabatu 23% po darmowej rejestracji. Je\u015bli chcesz \u2013 mo\u017cesz r\u00f3wnie\u017c zarabia\u0107, polecaj\u0105c produkty innym.<\/p>\n\n\n\n<div class=\"wp-block-buttons is-layout-flex wp-block-buttons-is-layout-flex\">\n<div class=\"wp-block-button\"><a class=\"wp-block-button__link wp-element-button\">Za\u0142o\u017c konto klienta<\/a><\/div>\n<\/div>\n\n\n\n<div class=\"wp-block-buttons is-layout-flex wp-block-buttons-is-layout-flex\">\n<div class=\"wp-block-button\"><a class=\"wp-block-button__link wp-element-button\">Wsp\u00f3\u0142praca \/ zakupy z rabatem 23 %<\/a><\/div>\n<\/div>\n\n\n\n<hr class=\"wp-block-separator has-alpha-channel-opacity\"\/>\n\n\n\n<div class=\"wp-block-columns is-layout-flex wp-container-core-columns-is-layout-9d6595d7 wp-block-columns-is-layout-flex\">\n<div class=\"wp-block-column is-layout-flow wp-block-column-is-layout-flow\">\n<div class=\"wp-block-columns is-layout-flex wp-container-core-columns-is-layout-9d6595d7 wp-block-columns-is-layout-flex\">\n<div class=\"wp-block-column is-layout-flow wp-block-column-is-layout-flow\">\n<div class=\"wp-block-columns is-layout-flex wp-container-core-columns-is-layout-9d6595d7 wp-block-columns-is-layout-flex\">\n<div class=\"wp-block-column is-layout-flow wp-block-column-is-layout-flow\">\n<h2 class=\"wp-block-heading\">Konto klienta Farmasi<\/h2>\n\n\n\n<p>Dla os\u00f3b, kt\u00f3re chc\u0105 kupowa\u0107 kosmetyki\u2013 bez sprzeda\u017cy i zobowi\u0105za\u0144.<\/p>\n<\/div>\n\n\n\n<div class=\"wp-block-column is-layout-flow wp-block-column-is-layout-flow\"><\/div>\n<\/div>\n<\/div>\n\n\n\n<div class=\"wp-block-column is-layout-flow wp-block-column-is-layout-flow\">\n<h2 class=\"wp-block-heading\">Wsp\u00f3\u0142praca \/ klient VIP<\/h2>\n\n\n\n<p>Dla os\u00f3b, kt\u00f3re chc\u0105 poleca\u0107 produkty i zarabia\u0107 \u2013 na w\u0142asnych zasadach, albo kupowa\u0107 cz\u0119\u015bciej i taniej z rabatem 23 %<\/p>\n\n\n\n<ul class=\"wp-block-list\">\n<li>prowizje od sprzeda\u017cy<\/li>\n\n\n\n<li>mo\u017cliwo\u015b\u0107 budowy zespo\u0142u<\/li>\n\n\n\n<li>elastyczny czas<\/li>\n\n\n\n<li>wsparcie i materia\u0142y<\/li>\n<\/ul>\n<\/div>\n<\/div>\n\n\n\n<div class=\"wp-block-columns is-layout-flex wp-container-core-columns-is-layout-9d6595d7 wp-block-columns-is-layout-flex\">\n<div class=\"wp-block-column is-layout-flow wp-block-column-is-layout-flow\">\n<ul class=\"wp-block-list\">\n<li>dost\u0119p do promocji<\/li>\n\n\n\n<li>darmowa rejestracja<\/li>\n\n\n\n<li>brak obowi\u0105zku polecania<\/li>\n<\/ul>\n<\/div>\n\n\n\n<div class=\"wp-block-column is-layout-flow wp-block-column-is-layout-flow\">\n<div class=\"wp-block-buttons is-layout-flex wp-block-buttons-is-layout-flex\">\n<div class=\"wp-block-button\"><a class=\"wp-block-button__link wp-element-button\">Zarejestruj si\u0119 <\/a><\/div>\n<\/div>\n<\/div>\n<\/div>\n<\/div>\n<\/div>\n\n\n\n<div class=\"wp-block-buttons is-layout-flex wp-block-buttons-is-layout-flex\">\n<div class=\"wp-block-button\"><a class=\"wp-block-button__link wp-element-button\">Za\u0142\u00f3\u017c konto klienta <\/a><\/div>\n<\/div>\n\n\n\n<p><\/p>\n","protected":false},"excerpt":{"rendered":"<p>Kupuj kosmetyki Farmasi z opcj\u0105 rabatu 23% po darmowej rejestracji. Je\u015bli chcesz \u2013 mo\u017cesz r\u00f3wnie\u017c zarabia\u0107, polecaj\u0105c produkty innym. Konto klienta Farmasi Dla os\u00f3b, kt\u00f3re chc\u0105 kupowa\u0107 kosmetyki\u2013 bez sprzeda\u017cy i zobowi\u0105za\u0144. Wsp\u00f3\u0142praca \/ klient VIP Dla os\u00f3b, kt\u00f3re chc\u0105 poleca\u0107 produkty i zarabia\u0107 \u2013 na w\u0142asnych zasadach, albo kupowa\u0107 cz\u0119\u015bciej i taniej z rabatem &#8230; <a title=\"Farmasi &#8211; wsp\u00f3\u0142praca i produkty\" class=\"read-more\" href=\"https:\/\/farmasi-online.pl\/\" aria-label=\"Read more about Farmasi &#8211; wsp\u00f3\u0142praca i produkty\">Read more<\/a><\/p>\n","protected":false},"author":1,"featured_media":0,"parent":0,"menu_order":0,"comment_status":"closed","ping_status":"open","template":"","meta":{"footnotes":""},"class_list":["post-2","page","type-page","status-publish"],"_links":{"self":[{"href":"https:\/\/farmasi-online.pl\/index.php?rest_route=\/wp\/v2\/pages\/2","targetHints":{"allow":["GET"]}}],"collection":[{"href":"https:\/\/farmasi-online.pl\/index.php?rest_route=\/wp\/v2\/pages"}],"about":[{"href":"https:\/\/farmasi-online.pl\/index.php?rest_route=\/wp\/v2\/types\/page"}],"author":[{"embeddable":true,"href":"https:\/\/farmasi-online.pl\/index.php?rest_route=\/wp\/v2\/users\/1"}],"replies":[{"embeddable":true,"href":"https:\/\/farmasi-online.pl\/index.php?rest_route=%2Fwp%2Fv2%2Fcomments&post=2"}],"version-history":[{"count":10,"href":"https:\/\/farmasi-online.pl\/index.php?rest_route=\/wp\/v2\/pages\/2\/revisions"}],"predecessor-version":[{"id":26,"href":"https:\/\/farmasi-online.pl\/index.php?rest_route=\/wp\/v2\/pages\/2\/revisions\/26"}],"wp:attachment":[{"href":"https:\/\/farmasi-online.pl\/index.php?rest_route=%2Fwp%2Fv2%2Fmedia&parent=2"}],"curies":[{"name":"wp","href":"https:\/\/api.w.org\/{rel}","templated":true}]}}